{"id":581,"date":"2023-08-15T01:50:01","date_gmt":"2023-08-14T23:50:01","guid":{"rendered":"https:\/\/unesenivangole.socializmus.sk\/?page_id=581"},"modified":"2024-05-18T21:52:47","modified_gmt":"2024-05-18T19:52:47","slug":"publikacie-venovane-unosu","status":"publish","type":"page","link":"https:\/\/www.unesenivangole.socializmus.sk\/pt\/publicacoes-dedicadas-ao-rapto\/","title":{"rendered":"Publica\u00e7\u00f5es dedicadas ao rapto"},"content":{"rendered":"<style>.elementor-581 .elementor-element.elementor-element-6bc065c{padding:10px 0px 0px 0px;}.elementor-581 .elementor-element.elementor-element-ac53e89 .elementor-icon-wrapper{text-align:center;}.elementor-581 .elementor-element.elementor-element-ac53e89.elementor-view-stacked .elementor-icon{background-color:#CCCCCC;}.elementor-581 .elementor-element.elementor-element-ac53e89.elementor-view-framed .elementor-icon, .elementor-581 .elementor-element.elementor-element-ac53e89.elementor-view-default .elementor-icon{color:#CCCCCC;border-color:#CCCCCC;}.elementor-581 .elementor-element.elementor-element-ac53e89.elementor-view-framed .elementor-icon, .elementor-581 .elementor-element.elementor-element-ac53e89.elementor-view-default .elementor-icon svg{fill:#CCCCCC;}.elementor-581 .elementor-element.elementor-element-ac53e89 > .elementor-widget-container{margin:0px 0px -42px 477px;}.elementor-581 .elementor-element.elementor-element-a5429b0{text-align:center;}.elementor-581 .elementor-element.elementor-element-a5429b0 .elementor-heading-title{font-family:\"Rokkitt\", Sans-serif;font-size:40px;font-weight:600;color:#000000;}.elementor-581 .elementor-element.elementor-element-a5429b0 > .elementor-widget-container{margin:-30px 0px 0px 0px;}.elementor-581 .elementor-element.elementor-element-3f8f366{padding:0px 0px 25px 0px;}.elementor-581 .elementor-element.elementor-element-f494a2b{--image-transition-duration:800ms;--overlay-transition-duration:800ms;--content-text-align:center;--content-padding:20px;--content-transition-duration:800ms;--content-transition-delay:800ms;}.elementor-581 .elementor-element.elementor-element-f494a2b .e-gallery-item:hover .elementor-gallery-item__overlay, .elementor-581 .elementor-element.elementor-element-f494a2b .e-gallery-item:focus .elementor-gallery-item__overlay{background-color:rgba(0,0,0,0.5);}.elementor-581 .elementor-element.elementor-element-b0587ee{padding:0px 0px 25px 0px;}.elementor-581 .elementor-element.elementor-element-2383fc3{--image-transition-duration:800ms;--overlay-transition-duration:800ms;--content-text-align:center;--content-padding:20px;--content-transition-duration:800ms;--content-transition-delay:800ms;}.elementor-581 .elementor-element.elementor-element-2383fc3 .e-gallery-item:hover .elementor-gallery-item__overlay, .elementor-581 .elementor-element.elementor-element-2383fc3 .e-gallery-item:focus .elementor-gallery-item__overlay{background-color:rgba(0,0,0,0.5);}:root{--page-title-display:none;}@media(max-width:767px){.elementor-581 .elementor-element.elementor-element-6bc065c{padding:20px 0px 0px 0px;}.elementor-581 .elementor-element.elementor-element-ac53e89 > .elementor-widget-container{margin:0px 0px -42px 280px;}.elementor-581 .elementor-element.elementor-element-a5429b0 .elementor-heading-title{font-size:29px;}}<\/style>\t\t<div data-elementor-type=\"wp-page\" data-elementor-id=\"581\" class=\"elementor elementor-581\" data-elementor-post-type=\"page\">\n\t\t\t\t\t\t<section class=\"elementor-section elementor-top-section elementor-element elementor-element-6bc065c elementor-section-boxed elementor-section-height-default elementor-section-height-default\" data-id=\"6bc065c\" data-element_type=\"section\" data-e-type=\"section\">\n\t\t\t\t\t\t<div class=\"elementor-container elementor-column-gap-default\">\n\t\t\t\t\t<div class=\"elementor-column elementor-col-100 elementor-top-column elementor-element elementor-element-8f9d5b4\" data-id=\"8f9d5b4\" data-element_type=\"column\" data-e-type=\"column\">\n\t\t\t<div class=\"elementor-widget-wrap elementor-element-populated\">\n\t\t\t\t\t\t<div class=\"elementor-element elementor-element-ac53e89 elementor-view-default elementor-widget elementor-widget-icon\" data-id=\"ac53e89\" data-element_type=\"widget\" data-e-type=\"widget\" data-widget_type=\"icon.default\">\n\t\t\t\t<div class=\"elementor-widget-container\">\n\t\t\t\t\t\t\t<div class=\"elementor-icon-wrapper\">\n\t\t\t<div class=\"elementor-icon\">\n\t\t\t<i aria-hidden=\"true\" class=\"jki jki-open-book-light\"><\/i>\t\t\t<\/div>\n\t\t<\/div>\n\t\t\t\t\t\t<\/div>\n\t\t\t\t<\/div>\n\t\t\t\t<div class=\"elementor-element elementor-element-a5429b0 elementor-widget elementor-widget-heading\" data-id=\"a5429b0\" data-element_type=\"widget\" data-e-type=\"widget\" data-widget_type=\"heading.default\">\n\t\t\t\t<div class=\"elementor-widget-container\">\n\t\t\t\t\t<h2 class=\"elementor-heading-title elementor-size-default\">Publica\u00e7\u00f5es dedicadas ao rapto <\/h2>\t\t\t\t<\/div>\n\t\t\t\t<\/div>\n\t\t\t\t<section class=\"elementor-section elementor-inner-section elementor-element elementor-element-3f8f366 elementor-section-boxed elementor-section-height-default elementor-section-height-default\" data-id=\"3f8f366\" data-element_type=\"section\" data-e-type=\"section\">\n\t\t\t\t\t\t<div class=\"elementor-container elementor-column-gap-default\">\n\t\t\t\t\t<div class=\"elementor-column elementor-col-100 elementor-inner-column elementor-element elementor-element-f9e3fcc\" data-id=\"f9e3fcc\" data-element_type=\"column\" data-e-type=\"column\">\n\t\t\t<div class=\"elementor-widget-wrap elementor-element-populated\">\n\t\t\t\t\t\t<div class=\"elementor-element elementor-element-f494a2b elementor-widget elementor-widget-gallery\" data-id=\"f494a2b\" data-element_type=\"widget\" data-e-type=\"widget\" data-settings=\"{&quot;aspect_ratio&quot;:&quot;1:1&quot;,&quot;lazyload&quot;:&quot;yes&quot;,&quot;gallery_layout&quot;:&quot;grid&quot;,&quot;columns&quot;:4,&quot;columns_tablet&quot;:2,&quot;columns_mobile&quot;:1,&quot;gap&quot;:{&quot;unit&quot;:&quot;px&quot;,&quot;size&quot;:10,&quot;sizes&quot;:[]},&quot;gap_tablet&quot;:{&quot;unit&quot;:&quot;px&quot;,&quot;size&quot;:10,&quot;sizes&quot;:[]},&quot;gap_mobile&quot;:{&quot;unit&quot;:&quot;px&quot;,&quot;size&quot;:10,&quot;sizes&quot;:[]},&quot;link_to&quot;:&quot;file&quot;,&quot;overlay_background&quot;:&quot;yes&quot;,&quot;content_hover_animation&quot;:&quot;fade-in&quot;}\" data-widget_type=\"gallery.default\">\n\t\t\t\t<div class=\"elementor-widget-container\">\n\t\t\t\t\t\t\t<div class=\"elementor-gallery__container\">\n\t\t\t\t\t\t\t<a class=\"e-gallery-item elementor-gallery-item elementor-animated-content\" href=\"https:\/\/www.unesenivangole.socializmus.sk\/wp-content\/uploads\/2023\/08\/Uneseni-v-Angole-Socializmus.sk-Muzeum-totality-Knihy-Lubomir-Sazecek-3.png\" data-elementor-open-lightbox=\"yes\" data-elementor-lightbox-slideshow=\"f494a2b\" data-elementor-lightbox-title=\"Unesen\u00ed v Angole - Socializmus.sk - M\u00fazeum totality - Knihy Lubom\u00edr Saze\u010dek (3)\" data-e-action-hash=\"#elementor-action%3Aaction%3Dlightbox%26settings%3DeyJpZCI6MjYyLCJ1cmwiOiJodHRwczpcL1wvd3d3LnVuZXNlbml2YW5nb2xlLnNvY2lhbGl6bXVzLnNrXC93cC1jb250ZW50XC91cGxvYWRzXC8yMDIzXC8wOFwvVW5lc2VuaS12LUFuZ29sZS1Tb2NpYWxpem11cy5zay1NdXpldW0tdG90YWxpdHktS25paHktTHVib21pci1TYXplY2VrLTMucG5nIiwic2xpZGVzaG93IjoiZjQ5NGEyYiJ9\">\n\t\t\t\t\t<div class=\"e-gallery-image elementor-gallery-item__image\" data-thumbnail=\"https:\/\/www.unesenivangole.socializmus.sk\/wp-content\/uploads\/2023\/08\/Uneseni-v-Angole-Socializmus.sk-Muzeum-totality-Knihy-Lubomir-Sazecek-3-768x768.png\" data-width=\"768\" data-height=\"768\" aria-label=\"\" role=\"img\" ><\/div>\n\t\t\t\t\t\t\t\t\t\t\t<div class=\"elementor-gallery-item__overlay\"><\/div>\n\t\t\t\t\t\t\t\t\t\t\t\t\t\t<\/a>\n\t\t\t\t\t\t\t<a class=\"e-gallery-item elementor-gallery-item elementor-animated-content\" href=\"https:\/\/www.unesenivangole.socializmus.sk\/wp-content\/uploads\/2023\/08\/Uneseni-v-Angole-Socializmus.sk-Muzeum-totality-Knihy-Lubomir-Sazecek-1.png\" data-elementor-open-lightbox=\"yes\" data-elementor-lightbox-slideshow=\"f494a2b\" data-elementor-lightbox-title=\"Unesen\u00ed v Angole - Socializmus.sk - M\u00fazeum totality - Knihy Lubom\u00edr Saze\u010dek (1)\" data-e-action-hash=\"#elementor-action%3Aaction%3Dlightbox%26settings%3DeyJpZCI6MjYwLCJ1cmwiOiJodHRwczpcL1wvd3d3LnVuZXNlbml2YW5nb2xlLnNvY2lhbGl6bXVzLnNrXC93cC1jb250ZW50XC91cGxvYWRzXC8yMDIzXC8wOFwvVW5lc2VuaS12LUFuZ29sZS1Tb2NpYWxpem11cy5zay1NdXpldW0tdG90YWxpdHktS25paHktTHVib21pci1TYXplY2VrLTEucG5nIiwic2xpZGVzaG93IjoiZjQ5NGEyYiJ9\">\n\t\t\t\t\t<div class=\"e-gallery-image elementor-gallery-item__image\" data-thumbnail=\"https:\/\/www.unesenivangole.socializmus.sk\/wp-content\/uploads\/2023\/08\/Uneseni-v-Angole-Socializmus.sk-Muzeum-totality-Knihy-Lubomir-Sazecek-1-768x768.png\" data-width=\"768\" data-height=\"768\" aria-label=\"\" role=\"img\" ><\/div>\n\t\t\t\t\t\t\t\t\t\t\t<div class=\"elementor-gallery-item__overlay\"><\/div>\n\t\t\t\t\t\t\t\t\t\t\t\t\t\t<\/a>\n\t\t\t\t\t\t\t<a class=\"e-gallery-item elementor-gallery-item elementor-animated-content\" href=\"https:\/\/www.unesenivangole.socializmus.sk\/wp-content\/uploads\/2023\/08\/Uneseni-v-Angole-Socializmus.sk-Muzeum-totality-Knihy-Lubomir-Sazecek-2.png\" data-elementor-open-lightbox=\"yes\" data-elementor-lightbox-slideshow=\"f494a2b\" data-elementor-lightbox-title=\"Unesen\u00ed v Angole - Socializmus.sk - M\u00fazeum totality - Knihy Lubom\u00edr Saze\u010dek (2)\" data-e-action-hash=\"#elementor-action%3Aaction%3Dlightbox%26settings%3DeyJpZCI6MjYxLCJ1cmwiOiJodHRwczpcL1wvd3d3LnVuZXNlbml2YW5nb2xlLnNvY2lhbGl6bXVzLnNrXC93cC1jb250ZW50XC91cGxvYWRzXC8yMDIzXC8wOFwvVW5lc2VuaS12LUFuZ29sZS1Tb2NpYWxpem11cy5zay1NdXpldW0tdG90YWxpdHktS25paHktTHVib21pci1TYXplY2VrLTIucG5nIiwic2xpZGVzaG93IjoiZjQ5NGEyYiJ9\">\n\t\t\t\t\t<div class=\"e-gallery-image elementor-gallery-item__image\" data-thumbnail=\"https:\/\/www.unesenivangole.socializmus.sk\/wp-content\/uploads\/2023\/08\/Uneseni-v-Angole-Socializmus.sk-Muzeum-totality-Knihy-Lubomir-Sazecek-2-768x768.png\" data-width=\"768\" data-height=\"768\" aria-label=\"\" role=\"img\" ><\/div>\n\t\t\t\t\t\t\t\t\t\t\t<div class=\"elementor-gallery-item__overlay\"><\/div>\n\t\t\t\t\t\t\t\t\t\t\t\t\t\t<\/a>\n\t\t\t\t\t\t\t<a class=\"e-gallery-item elementor-gallery-item elementor-animated-content\" href=\"https:\/\/www.unesenivangole.socializmus.sk\/wp-content\/uploads\/2023\/08\/Uneseni-v-Angole-Socializmus.sk-Muzeum-totality-Knihy-Lubomir-Sazecek-4.png\" data-elementor-open-lightbox=\"yes\" data-elementor-lightbox-slideshow=\"f494a2b\" data-elementor-lightbox-title=\"Unesen\u00ed v Angole - Socializmus.sk - M\u00fazeum totality - Knihy Lubom\u00edr Saze\u010dek (4)\" data-e-action-hash=\"#elementor-action%3Aaction%3Dlightbox%26settings%3DeyJpZCI6MjYzLCJ1cmwiOiJodHRwczpcL1wvd3d3LnVuZXNlbml2YW5nb2xlLnNvY2lhbGl6bXVzLnNrXC93cC1jb250ZW50XC91cGxvYWRzXC8yMDIzXC8wOFwvVW5lc2VuaS12LUFuZ29sZS1Tb2NpYWxpem11cy5zay1NdXpldW0tdG90YWxpdHktS25paHktTHVib21pci1TYXplY2VrLTQucG5nIiwic2xpZGVzaG93IjoiZjQ5NGEyYiJ9\">\n\t\t\t\t\t<div class=\"e-gallery-image elementor-gallery-item__image\" data-thumbnail=\"https:\/\/www.unesenivangole.socializmus.sk\/wp-content\/uploads\/2023\/08\/Uneseni-v-Angole-Socializmus.sk-Muzeum-totality-Knihy-Lubomir-Sazecek-4-768x768.png\" data-width=\"768\" data-height=\"768\" aria-label=\"\" role=\"img\" ><\/div>\n\t\t\t\t\t\t\t\t\t\t\t<div class=\"elementor-gallery-item__overlay\"><\/div>\n\t\t\t\t\t\t\t\t\t\t\t\t\t\t<\/a>\n\t\t\t\t\t<\/div>\n\t\t\t\t\t<\/div>\n\t\t\t\t<\/div>\n\t\t\t\t\t<\/div>\n\t\t<\/div>\n\t\t\t\t\t<\/div>\n\t\t<\/section>\n\t\t\t\t<section class=\"elementor-section elementor-inner-section elementor-element elementor-element-b0587ee elementor-section-boxed elementor-section-height-default elementor-section-height-default\" data-id=\"b0587ee\" data-element_type=\"section\" data-e-type=\"section\">\n\t\t\t\t\t\t<div class=\"elementor-container elementor-column-gap-default\">\n\t\t\t\t\t<div class=\"elementor-column elementor-col-100 elementor-inner-column elementor-element elementor-element-8f57819\" data-id=\"8f57819\" data-element_type=\"column\" data-e-type=\"column\">\n\t\t\t<div class=\"elementor-widget-wrap elementor-element-populated\">\n\t\t\t\t\t\t<div class=\"elementor-element elementor-element-2383fc3 elementor-widget elementor-widget-gallery\" data-id=\"2383fc3\" data-element_type=\"widget\" data-e-type=\"widget\" data-settings=\"{&quot;gallery_layout&quot;:&quot;masonry&quot;,&quot;columns&quot;:3,&quot;lazyload&quot;:&quot;yes&quot;,&quot;columns_tablet&quot;:2,&quot;columns_mobile&quot;:1,&quot;gap&quot;:{&quot;unit&quot;:&quot;px&quot;,&quot;size&quot;:10,&quot;sizes&quot;:[]},&quot;gap_tablet&quot;:{&quot;unit&quot;:&quot;px&quot;,&quot;size&quot;:10,&quot;sizes&quot;:[]},&quot;gap_mobile&quot;:{&quot;unit&quot;:&quot;px&quot;,&quot;size&quot;:10,&quot;sizes&quot;:[]},&quot;link_to&quot;:&quot;file&quot;,&quot;overlay_background&quot;:&quot;yes&quot;,&quot;content_hover_animation&quot;:&quot;fade-in&quot;}\" data-widget_type=\"gallery.default\">\n\t\t\t\t<div class=\"elementor-widget-container\">\n\t\t\t\t\t\t\t<div class=\"elementor-gallery__container\">\n\t\t\t\t\t\t\t<a class=\"e-gallery-item elementor-gallery-item elementor-animated-content\" href=\"https:\/\/www.unesenivangole.socializmus.sk\/wp-content\/uploads\/2023\/08\/Uneseni-v-Angole-Socializmus.sk-Muzeum-totality-Knihy-Dve-barvy-pekla.png\" data-elementor-open-lightbox=\"yes\" data-elementor-lightbox-slideshow=\"2383fc3\" data-elementor-lightbox-title=\"Unesen\u00ed v Angole - Socializmus.sk - M\u00fazeum totality - Knihy Dve barvy pekla\" data-e-action-hash=\"#elementor-action%3Aaction%3Dlightbox%26settings%3DeyJpZCI6MjU5LCJ1cmwiOiJodHRwczpcL1wvd3d3LnVuZXNlbml2YW5nb2xlLnNvY2lhbGl6bXVzLnNrXC93cC1jb250ZW50XC91cGxvYWRzXC8yMDIzXC8wOFwvVW5lc2VuaS12LUFuZ29sZS1Tb2NpYWxpem11cy5zay1NdXpldW0tdG90YWxpdHktS25paHktRHZlLWJhcnZ5LXBla2xhLnBuZyIsInNsaWRlc2hvdyI6IjIzODNmYzMifQ%3D%3D\">\n\t\t\t\t\t<div class=\"e-gallery-image elementor-gallery-item__image\" data-thumbnail=\"https:\/\/www.unesenivangole.socializmus.sk\/wp-content\/uploads\/2023\/08\/Uneseni-v-Angole-Socializmus.sk-Muzeum-totality-Knihy-Dve-barvy-pekla-768x768.png\" data-width=\"768\" data-height=\"768\" aria-label=\"\" role=\"img\" ><\/div>\n\t\t\t\t\t\t\t\t\t\t\t<div class=\"elementor-gallery-item__overlay\"><\/div>\n\t\t\t\t\t\t\t\t\t\t\t\t\t\t<\/a>\n\t\t\t\t\t\t\t<a class=\"e-gallery-item elementor-gallery-item elementor-animated-content\" href=\"https:\/\/www.unesenivangole.socializmus.sk\/wp-content\/uploads\/2023\/08\/Uneseni-v-Angole-Socializmus.sk-Muzeum-totality-Knihy-2.png\" data-elementor-open-lightbox=\"yes\" data-elementor-lightbox-slideshow=\"2383fc3\" data-elementor-lightbox-title=\"Unesen\u00ed v Angole - Socializmus.sk - M\u00fazeum totality - Knihy 2\" data-e-action-hash=\"#elementor-action%3Aaction%3Dlightbox%26settings%3DeyJpZCI6MTk4LCJ1cmwiOiJodHRwczpcL1wvd3d3LnVuZXNlbml2YW5nb2xlLnNvY2lhbGl6bXVzLnNrXC93cC1jb250ZW50XC91cGxvYWRzXC8yMDIzXC8wOFwvVW5lc2VuaS12LUFuZ29sZS1Tb2NpYWxpem11cy5zay1NdXpldW0tdG90YWxpdHktS25paHktMi5wbmciLCJzbGlkZXNob3ciOiIyMzgzZmMzIn0%3D\">\n\t\t\t\t\t<div class=\"e-gallery-image elementor-gallery-item__image\" data-thumbnail=\"https:\/\/www.unesenivangole.socializmus.sk\/wp-content\/uploads\/2023\/08\/Uneseni-v-Angole-Socializmus.sk-Muzeum-totality-Knihy-2-768x768.png\" data-width=\"768\" data-height=\"768\" aria-label=\"\" role=\"img\" ><\/div>\n\t\t\t\t\t\t\t\t\t\t\t<div class=\"elementor-gallery-item__overlay\"><\/div>\n\t\t\t\t\t\t\t\t\t\t\t\t\t\t<\/a>\n\t\t\t\t\t\t\t<a class=\"e-gallery-item elementor-gallery-item elementor-animated-content\" href=\"https:\/\/www.unesenivangole.socializmus.sk\/wp-content\/uploads\/2023\/08\/Uneseni-v-Angole-Socializmus.sk-Muzeum-totality-Knihy.png\" data-elementor-open-lightbox=\"yes\" data-elementor-lightbox-slideshow=\"2383fc3\" data-elementor-lightbox-title=\"Unesen\u00ed v Angole - Socializmus.sk - M\u00fazeum totality - Knihy\" data-e-action-hash=\"#elementor-action%3Aaction%3Dlightbox%26settings%3DeyJpZCI6MTk3LCJ1cmwiOiJodHRwczpcL1wvd3d3LnVuZXNlbml2YW5nb2xlLnNvY2lhbGl6bXVzLnNrXC93cC1jb250ZW50XC91cGxvYWRzXC8yMDIzXC8wOFwvVW5lc2VuaS12LUFuZ29sZS1Tb2NpYWxpem11cy5zay1NdXpldW0tdG90YWxpdHktS25paHkucG5nIiwic2xpZGVzaG93IjoiMjM4M2ZjMyJ9\">\n\t\t\t\t\t<div class=\"e-gallery-image elementor-gallery-item__image\" data-thumbnail=\"https:\/\/www.unesenivangole.socializmus.sk\/wp-content\/uploads\/2023\/08\/Uneseni-v-Angole-Socializmus.sk-Muzeum-totality-Knihy-768x768.png\" data-width=\"768\" data-height=\"768\" aria-label=\"\" role=\"img\" ><\/div>\n\t\t\t\t\t\t\t\t\t\t\t<div class=\"elementor-gallery-item__overlay\"><\/div>\n\t\t\t\t\t\t\t\t\t\t\t\t\t\t<\/a>\n\t\t\t\t\t<\/div>\n\t\t\t\t\t<\/div>\n\t\t\t\t<\/div>\n\t\t\t\t\t<\/div>\n\t\t<\/div>\n\t\t\t\t\t<\/div>\n\t\t<\/section>\n\t\t\t\t\t<\/div>\n\t\t<\/div>\n\t\t\t\t\t<\/div>\n\t\t<\/section>\n\t\t\t\t<\/div>","protected":false},"excerpt":{"rendered":"<p>Publica\u00e7\u00f5es dedicadas ao rapto<\/p>","protected":false},"author":1,"featured_media":0,"parent":0,"menu_order":0,"comment_status":"closed","ping_status":"closed","template":"","meta":{"footnotes":""},"class_list":["post-581","page","type-page","status-publish","hentry"],"yoast_head":"<!-- This site is optimized with the Yoast SEO plugin v27.4 - https:\/\/yoast.com\/product\/yoast-seo-wordpress\/ -->\n<title>Publik\u00e1cie venovan\u00e9 \u00fanosu | Najv\u00e4\u010d\u0161\u00ed \u00fanos \u010cechoslov\u00e1kov \u2013 Angola 1983<\/title>\n<meta name=\"robots\" content=\"index, follow, max-snippet:-1, max-image-preview:large, max-video-preview:-1\" \/>\n<link rel=\"canonical\" href=\"https:\/\/www.unesenivangole.socializmus.sk\/pt\/publicacoes-dedicadas-ao-rapto\/\" \/>\n<meta property=\"og:locale\" content=\"pt_PT\" \/>\n<meta property=\"og:type\" content=\"article\" \/>\n<meta property=\"og:title\" content=\"Publik\u00e1cie venovan\u00e9 \u00fanosu | Najv\u00e4\u010d\u0161\u00ed \u00fanos \u010cechoslov\u00e1kov \u2013 Angola 1983\" \/>\n<meta property=\"og:description\" content=\"Publik\u00e1cie venovan\u00e9 \u00fanosu\" \/>\n<meta property=\"og:url\" content=\"https:\/\/www.unesenivangole.socializmus.sk\/pt\/publicacoes-dedicadas-ao-rapto\/\" \/>\n<meta property=\"og:site_name\" content=\"Najv\u00e4\u010d\u0161\u00ed \u00fanos \u010cechoslov\u00e1kov \u2013 Angola 1983\" \/>\n<meta property=\"article:modified_time\" content=\"2024-05-18T19:52:47+00:00\" \/>\n<meta name=\"twitter:card\" content=\"summary_large_image\" \/>\n<meta name=\"twitter:label1\" content=\"Est. reading time\" \/>\n\t<meta name=\"twitter:data1\" content=\"1 minuto\" \/>\n<script type=\"application\/ld+json\" class=\"yoast-schema-graph\">{\"@context\":\"https:\\\/\\\/schema.org\",\"@graph\":[{\"@type\":\"WebPage\",\"@id\":\"https:\\\/\\\/www.unesenivangole.socializmus.sk\\\/publikacie-venovane-unosu\\\/\",\"url\":\"https:\\\/\\\/www.unesenivangole.socializmus.sk\\\/publikacie-venovane-unosu\\\/\",\"name\":\"Publik\u00e1cie venovan\u00e9 \u00fanosu | Najv\u00e4\u010d\u0161\u00ed \u00fanos \u010cechoslov\u00e1kov \u2013 Angola 1983\",\"isPartOf\":{\"@id\":\"https:\\\/\\\/www.unesenivangole.socializmus.sk\\\/#website\"},\"datePublished\":\"2023-08-14T23:50:01+00:00\",\"dateModified\":\"2024-05-18T19:52:47+00:00\",\"breadcrumb\":{\"@id\":\"https:\\\/\\\/www.unesenivangole.socializmus.sk\\\/publikacie-venovane-unosu\\\/#breadcrumb\"},\"inLanguage\":\"pt-AO\",\"potentialAction\":[{\"@type\":\"ReadAction\",\"target\":[\"https:\\\/\\\/www.unesenivangole.socializmus.sk\\\/publikacie-venovane-unosu\\\/\"]}]},{\"@type\":\"BreadcrumbList\",\"@id\":\"https:\\\/\\\/www.unesenivangole.socializmus.sk\\\/publikacie-venovane-unosu\\\/#breadcrumb\",\"itemListElement\":[{\"@type\":\"ListItem\",\"position\":1,\"name\":\"Domovsk\u00e1 str\u00e1nka\",\"item\":\"https:\\\/\\\/www.unesenivangole.socializmus.sk\\\/\"},{\"@type\":\"ListItem\",\"position\":2,\"name\":\"Publik\u00e1cie venovan\u00e9 \u00fanosu\"}]},{\"@type\":\"WebSite\",\"@id\":\"https:\\\/\\\/www.unesenivangole.socializmus.sk\\\/#website\",\"url\":\"https:\\\/\\\/www.unesenivangole.socializmus.sk\\\/\",\"name\":\"Najv\u00e4\u010d\u0161\u00ed \u00fanos \u010cechoslov\u00e1kov \u2013 Angola 1983\",\"description\":\"Socializmus.sk\",\"alternateName\":\"Socializmus.sk\",\"potentialAction\":[{\"@type\":\"SearchAction\",\"target\":{\"@type\":\"EntryPoint\",\"urlTemplate\":\"https:\\\/\\\/www.unesenivangole.socializmus.sk\\\/?s={search_term_string}\"},\"query-input\":{\"@type\":\"PropertyValueSpecification\",\"valueRequired\":true,\"valueName\":\"search_term_string\"}}],\"inLanguage\":\"pt-AO\"}]}<\/script>\n<!-- \/ Yoast SEO plugin. -->","yoast_head_json":{"title":"Publica\u00e7\u00f5es dedicadas ao rapto | O maior rapto de checoslovacos - Angola 1983","robots":{"index":"index","follow":"follow","max-snippet":"max-snippet:-1","max-image-preview":"max-image-preview:large","max-video-preview":"max-video-preview:-1"},"canonical":"https:\/\/www.unesenivangole.socializmus.sk\/pt\/publicacoes-dedicadas-ao-rapto\/","og_locale":"pt_PT","og_type":"article","og_title":"Publik\u00e1cie venovan\u00e9 \u00fanosu | Najv\u00e4\u010d\u0161\u00ed \u00fanos \u010cechoslov\u00e1kov \u2013 Angola 1983","og_description":"Publik\u00e1cie venovan\u00e9 \u00fanosu","og_url":"https:\/\/www.unesenivangole.socializmus.sk\/pt\/publicacoes-dedicadas-ao-rapto\/","og_site_name":"Najv\u00e4\u010d\u0161\u00ed \u00fanos \u010cechoslov\u00e1kov \u2013 Angola 1983","article_modified_time":"2024-05-18T19:52:47+00:00","twitter_card":"summary_large_image","twitter_misc":{"Est. reading time":"1 minuto"},"schema":{"@context":"https:\/\/schema.org","@graph":[{"@type":"WebPage","@id":"https:\/\/www.unesenivangole.socializmus.sk\/publikacie-venovane-unosu\/","url":"https:\/\/www.unesenivangole.socializmus.sk\/publikacie-venovane-unosu\/","name":"Publica\u00e7\u00f5es dedicadas ao rapto | O maior rapto de checoslovacos - Angola 1983","isPartOf":{"@id":"https:\/\/www.unesenivangole.socializmus.sk\/#website"},"datePublished":"2023-08-14T23:50:01+00:00","dateModified":"2024-05-18T19:52:47+00:00","breadcrumb":{"@id":"https:\/\/www.unesenivangole.socializmus.sk\/publikacie-venovane-unosu\/#breadcrumb"},"inLanguage":"pt-AO","potentialAction":[{"@type":"ReadAction","target":["https:\/\/www.unesenivangole.socializmus.sk\/publikacie-venovane-unosu\/"]}]},{"@type":"BreadcrumbList","@id":"https:\/\/www.unesenivangole.socializmus.sk\/publikacie-venovane-unosu\/#breadcrumb","itemListElement":[{"@type":"ListItem","position":1,"name":"Domovsk\u00e1 str\u00e1nka","item":"https:\/\/www.unesenivangole.socializmus.sk\/"},{"@type":"ListItem","position":2,"name":"Publik\u00e1cie venovan\u00e9 \u00fanosu"}]},{"@type":"WebSite","@id":"https:\/\/www.unesenivangole.socializmus.sk\/#website","url":"https:\/\/www.unesenivangole.socializmus.sk\/","name":"O maior rapto de checoslovacos - Angola 1983","description":"Socializmus.sk","alternateName":"Socializmus.sk","potentialAction":[{"@type":"SearchAction","target":{"@type":"EntryPoint","urlTemplate":"https:\/\/www.unesenivangole.socializmus.sk\/?s={search_term_string}"},"query-input":{"@type":"PropertyValueSpecification","valueRequired":true,"valueName":"search_term_string"}}],"inLanguage":"pt-AO"}]}},"_links":{"self":[{"href":"https:\/\/www.unesenivangole.socializmus.sk\/pt\/wp-json\/wp\/v2\/pages\/581","targetHints":{"allow":["GET"]}}],"collection":[{"href":"https:\/\/www.unesenivangole.socializmus.sk\/pt\/wp-json\/wp\/v2\/pages"}],"about":[{"href":"https:\/\/www.unesenivangole.socializmus.sk\/pt\/wp-json\/wp\/v2\/types\/page"}],"author":[{"embeddable":true,"href":"https:\/\/www.unesenivangole.socializmus.sk\/pt\/wp-json\/wp\/v2\/users\/1"}],"replies":[{"embeddable":true,"href":"https:\/\/www.unesenivangole.socializmus.sk\/pt\/wp-json\/wp\/v2\/comments?post=581"}],"version-history":[{"count":10,"href":"https:\/\/www.unesenivangole.socializmus.sk\/pt\/wp-json\/wp\/v2\/pages\/581\/revisions"}],"predecessor-version":[{"id":226438,"href":"https:\/\/www.unesenivangole.socializmus.sk\/pt\/wp-json\/wp\/v2\/pages\/581\/revisions\/226438"}],"wp:attachment":[{"href":"https:\/\/www.unesenivangole.socializmus.sk\/pt\/wp-json\/wp\/v2\/media?parent=581"}],"curies":[{"name":"wp","href":"https:\/\/api.w.org\/{rel}","templated":true}]}}